{"id":3814,"date":"2020-11-09T10:40:28","date_gmt":"2020-11-09T09:40:28","guid":{"rendered":"https:\/\/www.la-cave-de-villers.fr\/vente-en-ligne\/?post_type=product&#038;p=3814"},"modified":"2025-09-12T16:26:42","modified_gmt":"2025-09-12T14:26:42","slug":"biere-blonde-de-lodon-33-cl","status":"publish","type":"product","link":"https:\/\/www.la-cave-de-villers.fr\/vente-en-ligne\/produit\/biere-blonde-de-lodon-33-cl\/","title":{"rendered":"Bi\u00e8re blonde 6,2\u00b0 &#8211; Brasserie de l&#8217;Odon &#8211; 33 cl"},"content":{"rendered":"<p>La Blonde est une bi\u00e8re rafraichissante et d\u00e9salt\u00e9rante, pr\u00e9sentant une l\u00e9g\u00e8re amertume. L\u2019harmonie entre les ar\u00f4mes du malt et ceux des houblons vous feront appr\u00e9cier cette bi\u00e8re aussi bien au cours d\u2019un bon repas, qu\u2019en la partageant entre amis avant le repas !<\/p>\n<p>Elle s\u2019inspire des bi\u00e8res de garde du nord de la France, l\u00e0 o\u00f9 la bi\u00e8re est une tradition et c\u2019est aussi la porte d\u2019entr\u00e9e de notre gamme. Brass\u00e9e avec un malt normand (orge normande malt\u00e9e \u00e0 Bayeux par Normandie Malt) et un houblon aromatique alsacien.<\/p>\n<p><span style=\"color: #ff0000\">M\u00e9daill\u00e9e d\u2019argent au Concours G\u00e9n\u00e9ral Agricole de 2020<\/span><\/p>\n","protected":false},"excerpt":{"rendered":"<p>La Blonde est une bi\u00e8re rafraichissante et d\u00e9salt\u00e9rante, pr\u00e9sentant une l\u00e9g\u00e8re amertume. L\u2019harmonie entre les ar\u00f4mes du malt et ceux des houblons vous feront appr\u00e9cier cette bi\u00e8re aussi bien au cours d\u2019un bon repas, qu\u2019en la partageant entre amis avant le repas ! Elle s\u2019inspire des bi\u00e8res de garde du nord de la France, l\u00e0&hellip;<\/p>\n","protected":false},"featured_media":4811,"template":"","meta":[],"product_cat":[72,55,73],"product_tag":[],"class_list":{"0":"post-3814","1":"product","2":"type-product","3":"status-publish","4":"has-post-thumbnail","6":"product_cat-biere-bouteille","7":"product_cat-bieres","8":"product_cat-brasserie-de-lodon","10":"first","11":"instock","12":"shipping-taxable","13":"purchasable","14":"product-type-simple","15":"col-xs-6 col-sm-4","16":"col-md-3 col-lg-3","17":"un-4-cols"},"aioseo_notices":[],"_links":{"self":[{"href":"https:\/\/www.la-cave-de-villers.fr\/vente-en-ligne\/wp-json\/wp\/v2\/product\/3814","targetHints":{"allow":["GET"]}}],"collection":[{"href":"https:\/\/www.la-cave-de-villers.fr\/vente-en-ligne\/wp-json\/wp\/v2\/product"}],"about":[{"href":"https:\/\/www.la-cave-de-villers.fr\/vente-en-ligne\/wp-json\/wp\/v2\/types\/product"}],"version-history":[{"count":0,"href":"https:\/\/www.la-cave-de-villers.fr\/vente-en-ligne\/wp-json\/wp\/v2\/product\/3814\/revisions"}],"wp:featuredmedia":[{"embeddable":true,"href":"https:\/\/www.la-cave-de-villers.fr\/vente-en-ligne\/wp-json\/wp\/v2\/media\/4811"}],"wp:attachment":[{"href":"https:\/\/www.la-cave-de-villers.fr\/vente-en-ligne\/wp-json\/wp\/v2\/media?parent=3814"}],"wp:term":[{"taxonomy":"product_cat","embeddable":true,"href":"https:\/\/www.la-cave-de-villers.fr\/vente-en-ligne\/wp-json\/wp\/v2\/product_cat?post=3814"},{"taxonomy":"product_tag","embeddable":true,"href":"https:\/\/www.la-cave-de-villers.fr\/vente-en-ligne\/wp-json\/wp\/v2\/product_tag?post=3814"}],"curies":[{"name":"wp","href":"https:\/\/api.w.org\/{rel}","templated":true}]}}