{"id":3825,"date":"2020-11-09T10:45:19","date_gmt":"2020-11-09T09:45:19","guid":{"rendered":"https:\/\/www.la-cave-de-villers.fr\/vente-en-ligne\/?post_type=product&#038;p=3825"},"modified":"2025-09-12T16:28:52","modified_gmt":"2025-09-12T14:28:52","slug":"biere-blanche-de-lodon-33-cl","status":"publish","type":"product","link":"https:\/\/www.la-cave-de-villers.fr\/vente-en-ligne\/produit\/biere-blanche-de-lodon-33-cl\/","title":{"rendered":"Bi\u00e8re blanche 6,2\u00b0- Brasserie de l&#8217;Odon &#8211; 33 cl"},"content":{"rendered":"<p>Brass\u00e9e \u00e0 partir de malt d\u2019orge et de malt de bl\u00e9 notre Hefeweizen pr\u00e9sente des notes acidul\u00e9es. C\u2019est une blanche \u00e0 l\u2019Allemande, sans \u00e9pices ni orange am\u00e8re. C\u2019est une bi\u00e8re tr\u00e8s douce.<\/p>\n<p>Le terme Bi\u00e8re Blanche est li\u00e9 \u00e0 la recette et non pas \u00e0 la couleur. Une bi\u00e8re Blanche est en fait une bi\u00e8re qui contient une large proportion de malt de Bl\u00e9. C\u2019est pourquoi, malgr\u00e9 son nom, notre Hefeweizen est tout aussi blonde que notre Blonde.<\/p>\n","protected":false},"excerpt":{"rendered":"<p>Brass\u00e9e \u00e0 partir de malt d\u2019orge et de malt de bl\u00e9 notre Hefeweizen pr\u00e9sente des notes acidul\u00e9es. C\u2019est une blanche \u00e0 l\u2019Allemande, sans \u00e9pices ni orange am\u00e8re. C\u2019est une bi\u00e8re tr\u00e8s douce. Le terme Bi\u00e8re Blanche est li\u00e9 \u00e0 la recette et non pas \u00e0 la couleur. Une bi\u00e8re Blanche est en fait une bi\u00e8re&hellip;<\/p>\n","protected":false},"featured_media":4814,"template":"","meta":[],"product_cat":[72,55,73],"product_tag":[],"class_list":{"0":"post-3825","1":"product","2":"type-product","3":"status-publish","4":"has-post-thumbnail","6":"product_cat-biere-bouteille","7":"product_cat-bieres","8":"product_cat-brasserie-de-lodon","10":"first","11":"instock","12":"shipping-taxable","13":"purchasable","14":"product-type-simple","15":"col-xs-6 col-sm-4","16":"col-md-3 col-lg-3","17":"un-4-cols"},"aioseo_notices":[],"_links":{"self":[{"href":"https:\/\/www.la-cave-de-villers.fr\/vente-en-ligne\/wp-json\/wp\/v2\/product\/3825","targetHints":{"allow":["GET"]}}],"collection":[{"href":"https:\/\/www.la-cave-de-villers.fr\/vente-en-ligne\/wp-json\/wp\/v2\/product"}],"about":[{"href":"https:\/\/www.la-cave-de-villers.fr\/vente-en-ligne\/wp-json\/wp\/v2\/types\/product"}],"version-history":[{"count":0,"href":"https:\/\/www.la-cave-de-villers.fr\/vente-en-ligne\/wp-json\/wp\/v2\/product\/3825\/revisions"}],"wp:featuredmedia":[{"embeddable":true,"href":"https:\/\/www.la-cave-de-villers.fr\/vente-en-ligne\/wp-json\/wp\/v2\/media\/4814"}],"wp:attachment":[{"href":"https:\/\/www.la-cave-de-villers.fr\/vente-en-ligne\/wp-json\/wp\/v2\/media?parent=3825"}],"wp:term":[{"taxonomy":"product_cat","embeddable":true,"href":"https:\/\/www.la-cave-de-villers.fr\/vente-en-ligne\/wp-json\/wp\/v2\/product_cat?post=3825"},{"taxonomy":"product_tag","embeddable":true,"href":"https:\/\/www.la-cave-de-villers.fr\/vente-en-ligne\/wp-json\/wp\/v2\/product_tag?post=3825"}],"curies":[{"name":"wp","href":"https:\/\/api.w.org\/{rel}","templated":true}]}}