{"id":3828,"date":"2020-11-09T10:46:54","date_gmt":"2020-11-09T09:46:54","guid":{"rendered":"https:\/\/www.la-cave-de-villers.fr\/vente-en-ligne\/?post_type=product&#038;p=3828"},"modified":"2025-09-12T16:29:23","modified_gmt":"2025-09-12T14:29:23","slug":"biere-triple-de-lodon-33-cl","status":"publish","type":"product","link":"https:\/\/www.la-cave-de-villers.fr\/vente-en-ligne\/produit\/biere-triple-de-lodon-33-cl\/","title":{"rendered":"Bi\u00e8re triple 7,5\u00b0 &#8211; Brasserie de l&#8217;Odon &#8211; 33 cl"},"content":{"rendered":"<div class=\"elementor-element elementor-element-71ecc1d elementor-widget elementor-widget-text-editor\" data-id=\"71ecc1d\" data-element_type=\"widget\" data-widget_type=\"text-editor.default\">\n<div class=\"elementor-widget-container\">\n<div class=\"elementor-text-editor elementor-clearfix\">\n<p>La Triple Blonde est une bi\u00e8re de caract\u00e8re, tr\u00e8s riche en ar\u00f4mes. Un malt sp\u00e9cial vient enrichir cette recette de mani\u00e8re \u00e0 donner \u00e0 la bi\u00e8re une touche plus ronde et plus gourmande. Vous y trouverez des ar\u00f4mes de pain, de toast et m\u00eame de biscuit. C\u2019est une bi\u00e8re qui se veut dans l\u2019esprit des bi\u00e8res d\u2019abbayes belges. Lorsque nous la brassons, un parfum biscuit\u00e9 embaume l\u2019atelier, c\u2019est le privil\u00e8ge du brasseur !<\/p>\n<p>Mais ne vous inqui\u00e9tez pas, l\u2019ar\u00f4me que vous retrouverez \u00e0 la d\u00e9gustation est tout aussi agr\u00e9able.<\/p>\n<\/div>\n<\/div>\n<\/div>\n<div class=\"elementor-element elementor-element-97cccad elementor-widget elementor-widget-text-editor\" data-id=\"97cccad\" data-element_type=\"widget\" data-widget_type=\"text-editor.default\">\n<div class=\"elementor-widget-container\">\n<div class=\"elementor-text-editor elementor-clearfix\">\n<p><span style=\"color: #ff0000\">M\u00e9daill\u00e9e d\u2019argent au Concours G\u00e9n\u00e9ral Agricole de 2017<\/span><\/p>\n<\/div>\n<\/div>\n<\/div>\n","protected":false},"excerpt":{"rendered":"<p>La Triple Blonde est une bi\u00e8re de caract\u00e8re, tr\u00e8s riche en ar\u00f4mes. Un malt sp\u00e9cial vient enrichir cette recette de mani\u00e8re \u00e0 donner \u00e0 la bi\u00e8re une touche plus ronde et plus gourmande. Vous y trouverez des ar\u00f4mes de pain, de toast et m\u00eame de biscuit. C\u2019est une bi\u00e8re qui se veut dans l\u2019esprit des&hellip;<\/p>\n","protected":false},"featured_media":4819,"template":"","meta":[],"product_cat":[72,55,73],"product_tag":[],"class_list":{"0":"post-3828","1":"product","2":"type-product","3":"status-publish","4":"has-post-thumbnail","6":"product_cat-biere-bouteille","7":"product_cat-bieres","8":"product_cat-brasserie-de-lodon","10":"first","11":"instock","12":"shipping-taxable","13":"purchasable","14":"product-type-simple","15":"col-xs-6 col-sm-4","16":"col-md-3 col-lg-3","17":"un-4-cols"},"aioseo_notices":[],"_links":{"self":[{"href":"https:\/\/www.la-cave-de-villers.fr\/vente-en-ligne\/wp-json\/wp\/v2\/product\/3828","targetHints":{"allow":["GET"]}}],"collection":[{"href":"https:\/\/www.la-cave-de-villers.fr\/vente-en-ligne\/wp-json\/wp\/v2\/product"}],"about":[{"href":"https:\/\/www.la-cave-de-villers.fr\/vente-en-ligne\/wp-json\/wp\/v2\/types\/product"}],"version-history":[{"count":0,"href":"https:\/\/www.la-cave-de-villers.fr\/vente-en-ligne\/wp-json\/wp\/v2\/product\/3828\/revisions"}],"wp:featuredmedia":[{"embeddable":true,"href":"https:\/\/www.la-cave-de-villers.fr\/vente-en-ligne\/wp-json\/wp\/v2\/media\/4819"}],"wp:attachment":[{"href":"https:\/\/www.la-cave-de-villers.fr\/vente-en-ligne\/wp-json\/wp\/v2\/media?parent=3828"}],"wp:term":[{"taxonomy":"product_cat","embeddable":true,"href":"https:\/\/www.la-cave-de-villers.fr\/vente-en-ligne\/wp-json\/wp\/v2\/product_cat?post=3828"},{"taxonomy":"product_tag","embeddable":true,"href":"https:\/\/www.la-cave-de-villers.fr\/vente-en-ligne\/wp-json\/wp\/v2\/product_tag?post=3828"}],"curies":[{"name":"wp","href":"https:\/\/api.w.org\/{rel}","templated":true}]}}