{"id":4015,"date":"2020-11-14T15:38:59","date_gmt":"2020-11-14T14:38:59","guid":{"rendered":"https:\/\/www.la-cave-de-villers.fr\/vente-en-ligne\/?post_type=product&#038;p=4015"},"modified":"2025-09-12T15:40:16","modified_gmt":"2025-09-12T13:40:16","slug":"biere-blonde-1066-brasserie-de-la-vire-33-cl","status":"publish","type":"product","link":"https:\/\/www.la-cave-de-villers.fr\/vente-en-ligne\/produit\/biere-blonde-1066-brasserie-de-la-vire-33-cl\/","title":{"rendered":"BIERE BLONDE &#8211; TONNERRE &#8211; BRASSERIE RAGNAR 33 CL"},"content":{"rendered":"<p>La Ragnar Tonnerre est une ale blonde \u00e0 5% offrant un beau nez mielleux et un go\u00fbt r\u00e9solument c\u00e9r\u00e9alier. Avec sa robe dor\u00e9e et l\u00e9g\u00e8rement troubl\u00e9e, cette premi\u00e8re recette de la gamme \u00c9l\u00e9mentaire est une bonne entr\u00e9e en mati\u00e8re avant de partir explorer les autres gammes de la brasserie.<\/p>\n","protected":false},"excerpt":{"rendered":"<p>La Ragnar Tonnerre est une ale blonde \u00e0 5% offrant un beau nez mielleux et un go\u00fbt r\u00e9solument c\u00e9r\u00e9alier. Avec sa robe dor\u00e9e et l\u00e9g\u00e8rement troubl\u00e9e, cette premi\u00e8re recette de la gamme \u00c9l\u00e9mentaire est une bonne entr\u00e9e en mati\u00e8re avant de partir explorer les autres gammes de la brasserie.<\/p>\n","protected":false},"featured_media":4916,"template":"","meta":[],"product_cat":[72,55,75],"product_tag":[],"class_list":{"0":"post-4015","1":"product","2":"type-product","3":"status-publish","4":"has-post-thumbnail","6":"product_cat-biere-bouteille","7":"product_cat-bieres","8":"product_cat-brasserie-ragnar","10":"first","11":"instock","12":"shipping-taxable","13":"purchasable","14":"product-type-simple","15":"col-xs-6 col-sm-4","16":"col-md-3 col-lg-3","17":"un-4-cols"},"aioseo_notices":[],"_links":{"self":[{"href":"https:\/\/www.la-cave-de-villers.fr\/vente-en-ligne\/wp-json\/wp\/v2\/product\/4015","targetHints":{"allow":["GET"]}}],"collection":[{"href":"https:\/\/www.la-cave-de-villers.fr\/vente-en-ligne\/wp-json\/wp\/v2\/product"}],"about":[{"href":"https:\/\/www.la-cave-de-villers.fr\/vente-en-ligne\/wp-json\/wp\/v2\/types\/product"}],"version-history":[{"count":0,"href":"https:\/\/www.la-cave-de-villers.fr\/vente-en-ligne\/wp-json\/wp\/v2\/product\/4015\/revisions"}],"wp:featuredmedia":[{"embeddable":true,"href":"https:\/\/www.la-cave-de-villers.fr\/vente-en-ligne\/wp-json\/wp\/v2\/media\/4916"}],"wp:attachment":[{"href":"https:\/\/www.la-cave-de-villers.fr\/vente-en-ligne\/wp-json\/wp\/v2\/media?parent=4015"}],"wp:term":[{"taxonomy":"product_cat","embeddable":true,"href":"https:\/\/www.la-cave-de-villers.fr\/vente-en-ligne\/wp-json\/wp\/v2\/product_cat?post=4015"},{"taxonomy":"product_tag","embeddable":true,"href":"https:\/\/www.la-cave-de-villers.fr\/vente-en-ligne\/wp-json\/wp\/v2\/product_tag?post=4015"}],"curies":[{"name":"wp","href":"https:\/\/api.w.org\/{rel}","templated":true}]}}