{"id":4018,"date":"2020-11-14T15:38:59","date_gmt":"2020-11-14T14:38:59","guid":{"rendered":"https:\/\/www.la-cave-de-villers.fr\/vente-en-ligne\/?post_type=product&#038;p=4018"},"modified":"2025-09-12T15:43:52","modified_gmt":"2025-09-12T13:43:52","slug":"biere-ambree-1066-brasserie-de-la-vire-33-cl","status":"publish","type":"product","link":"https:\/\/www.la-cave-de-villers.fr\/vente-en-ligne\/produit\/biere-ambree-1066-brasserie-de-la-vire-33-cl\/","title":{"rendered":"BIERE AMBREE \u2013 SISMIQUE \u2013 BRASSERIE RAGNAR 33 CL"},"content":{"rendered":"<p>Elle puise son caract\u00e8re dans la force de la terre, la Ragnar Sismique est une bi\u00e8re ambr\u00e9e \u00e0 6%.\u00a0C\u00e9r\u00e9ali\u00e8re et biscuit\u00e9e, elle saura plaire \u00e0 celles et ceux qui aiment les recettes r\u00e9solument sombres et structur\u00e9es\u00a0<\/p>\n","protected":false},"excerpt":{"rendered":"<p>Elle puise son caract\u00e8re dans la force de la terre, la Ragnar Sismique est une bi\u00e8re ambr\u00e9e \u00e0 6%.\u00a0C\u00e9r\u00e9ali\u00e8re et biscuit\u00e9e, elle saura plaire \u00e0 celles et ceux qui aiment les recettes r\u00e9solument sombres et structur\u00e9es\u00a0<\/p>\n","protected":false},"featured_media":4914,"template":"","meta":[],"product_cat":[72,55,75],"product_tag":[],"class_list":{"0":"post-4018","1":"product","2":"type-product","3":"status-publish","4":"has-post-thumbnail","6":"product_cat-biere-bouteille","7":"product_cat-bieres","8":"product_cat-brasserie-ragnar","10":"first","11":"instock","12":"shipping-taxable","13":"purchasable","14":"product-type-simple","15":"col-xs-6 col-sm-4","16":"col-md-3 col-lg-3","17":"un-4-cols"},"aioseo_notices":[],"_links":{"self":[{"href":"https:\/\/www.la-cave-de-villers.fr\/vente-en-ligne\/wp-json\/wp\/v2\/product\/4018","targetHints":{"allow":["GET"]}}],"collection":[{"href":"https:\/\/www.la-cave-de-villers.fr\/vente-en-ligne\/wp-json\/wp\/v2\/product"}],"about":[{"href":"https:\/\/www.la-cave-de-villers.fr\/vente-en-ligne\/wp-json\/wp\/v2\/types\/product"}],"version-history":[{"count":0,"href":"https:\/\/www.la-cave-de-villers.fr\/vente-en-ligne\/wp-json\/wp\/v2\/product\/4018\/revisions"}],"wp:featuredmedia":[{"embeddable":true,"href":"https:\/\/www.la-cave-de-villers.fr\/vente-en-ligne\/wp-json\/wp\/v2\/media\/4914"}],"wp:attachment":[{"href":"https:\/\/www.la-cave-de-villers.fr\/vente-en-ligne\/wp-json\/wp\/v2\/media?parent=4018"}],"wp:term":[{"taxonomy":"product_cat","embeddable":true,"href":"https:\/\/www.la-cave-de-villers.fr\/vente-en-ligne\/wp-json\/wp\/v2\/product_cat?post=4018"},{"taxonomy":"product_tag","embeddable":true,"href":"https:\/\/www.la-cave-de-villers.fr\/vente-en-ligne\/wp-json\/wp\/v2\/product_tag?post=4018"}],"curies":[{"name":"wp","href":"https:\/\/api.w.org\/{rel}","templated":true}]}}