{"id":4408,"date":"2021-03-13T16:52:23","date_gmt":"2021-03-13T15:52:23","guid":{"rendered":"https:\/\/www.la-cave-de-villers.fr\/vente-en-ligne\/?post_type=product&#038;p=4408"},"modified":"2025-08-22T15:04:49","modified_gmt":"2025-08-22T13:04:49","slug":"whisky-g-rozelieures-collection-rare-40","status":"publish","type":"product","link":"https:\/\/www.la-cave-de-villers.fr\/vente-en-ligne\/produit\/whisky-g-rozelieures-collection-rare-40\/","title":{"rendered":"Whisky G.ROZELIEURES COLLECTION  RARE 40\u00b0"},"content":{"rendered":"<p>Ce\u00a0whisky Rare collection, produit en quantit\u00e9 limit\u00e9e est distill\u00e9 \u00e0 partir d\u2019un malt finement tourb\u00e9<\/p>\n<p>Il a \u00e9t\u00e9 vieilli en fut de ch\u00eane ayant contenu des vins du sud ouest fran\u00e7ais. Ces f\u00fbts conf\u00e8rent au whisky rondeur, fruit\u00e9, moelleux, des notes de fruits m\u00fbrs sur fond de X\u00e9r\u00e8s.<\/p>\n","protected":false},"excerpt":{"rendered":"<p>Ce\u00a0whisky Rare collection, produit en quantit\u00e9 limit\u00e9e est distill\u00e9 \u00e0 partir d\u2019un malt finement tourb\u00e9 Il a \u00e9t\u00e9 vieilli en fut de ch\u00eane ayant contenu des vins du sud ouest fran\u00e7ais. Ces f\u00fbts conf\u00e8rent au whisky rondeur, fruit\u00e9, moelleux, des notes de fruits m\u00fbrs sur fond de X\u00e9r\u00e8s.<\/p>\n","protected":false},"featured_media":4871,"template":"","meta":[],"product_cat":[62,67],"product_tag":[],"class_list":{"0":"post-4408","1":"product","2":"type-product","3":"status-publish","4":"has-post-thumbnail","6":"product_cat-whiskies","7":"product_cat-whisky-francais","9":"first","10":"instock","11":"shipping-taxable","12":"purchasable","13":"product-type-simple","14":"col-xs-6 col-sm-4","15":"col-md-3 col-lg-3","16":"un-4-cols"},"aioseo_notices":[],"_links":{"self":[{"href":"https:\/\/www.la-cave-de-villers.fr\/vente-en-ligne\/wp-json\/wp\/v2\/product\/4408","targetHints":{"allow":["GET"]}}],"collection":[{"href":"https:\/\/www.la-cave-de-villers.fr\/vente-en-ligne\/wp-json\/wp\/v2\/product"}],"about":[{"href":"https:\/\/www.la-cave-de-villers.fr\/vente-en-ligne\/wp-json\/wp\/v2\/types\/product"}],"version-history":[{"count":0,"href":"https:\/\/www.la-cave-de-villers.fr\/vente-en-ligne\/wp-json\/wp\/v2\/product\/4408\/revisions"}],"wp:featuredmedia":[{"embeddable":true,"href":"https:\/\/www.la-cave-de-villers.fr\/vente-en-ligne\/wp-json\/wp\/v2\/media\/4871"}],"wp:attachment":[{"href":"https:\/\/www.la-cave-de-villers.fr\/vente-en-ligne\/wp-json\/wp\/v2\/media?parent=4408"}],"wp:term":[{"taxonomy":"product_cat","embeddable":true,"href":"https:\/\/www.la-cave-de-villers.fr\/vente-en-ligne\/wp-json\/wp\/v2\/product_cat?post=4408"},{"taxonomy":"product_tag","embeddable":true,"href":"https:\/\/www.la-cave-de-villers.fr\/vente-en-ligne\/wp-json\/wp\/v2\/product_tag?post=4408"}],"curies":[{"name":"wp","href":"https:\/\/api.w.org\/{rel}","templated":true}]}}