{"id":4443,"date":"2021-04-09T16:05:52","date_gmt":"2021-04-09T14:05:52","guid":{"rendered":"https:\/\/www.la-cave-de-villers.fr\/vente-en-ligne\/?post_type=product&#038;p=4443"},"modified":"2025-09-12T16:36:32","modified_gmt":"2025-09-12T14:36:32","slug":"biere-california-pale-ale-de-lodon-33-cl","status":"publish","type":"product","link":"https:\/\/www.la-cave-de-villers.fr\/vente-en-ligne\/produit\/biere-california-pale-ale-de-lodon-33-cl\/","title":{"rendered":"Bi\u00e8re California Pale Ale 5,2\u00b0 &#8211; Brasserie de l&#8217;Odon &#8211; 33 cl"},"content":{"rendered":"<div class=\"elementor-element elementor-element-4cc9ef8 elementor-widget elementor-widget-text-editor\" data-id=\"4cc9ef8\" data-element_type=\"widget\" data-widget_type=\"text-editor.default\">\n<div class=\"elementor-widget-container\">\n<div class=\"elementor-text-editor elementor-clearfix\">\n<p>C\u2019est une bi\u00e8re typ\u00e9e. Tr\u00e8s typ\u00e9e! Un savant m\u00e9lange de 6 houblons vient la parfumer. C\u2019est une bi\u00e8re am\u00e8re savoureuse et rafraichissante. Certains vous diront \u00ab\u00a0trop am\u00e8re\u00a0\u00bb. Pour nous, il y a juste ce qu\u2019il faut! Mais attention, on y prend go\u00fbt !<\/p>\n<\/div>\n<\/div>\n<\/div>\n<div class=\"elementor-element elementor-element-9c42698 elementor-widget elementor-widget-text-editor\" data-id=\"9c42698\" data-element_type=\"widget\" data-widget_type=\"text-editor.default\">\n<div class=\"elementor-widget-container\">\n<div class=\"elementor-text-editor elementor-clearfix\">\n<p><span style=\"color: #ff0000\">M\u00e9daill\u00e9e d\u2019argent au Concours G\u00e9n\u00e9ral Agricole de 2020<\/span><\/p>\n<\/div>\n<\/div>\n<\/div>\n","protected":false},"excerpt":{"rendered":"<p>C\u2019est une bi\u00e8re typ\u00e9e. Tr\u00e8s typ\u00e9e! Un savant m\u00e9lange de 6 houblons vient la parfumer. C\u2019est une bi\u00e8re am\u00e8re savoureuse et rafraichissante. Certains vous diront \u00ab\u00a0trop am\u00e8re\u00a0\u00bb. Pour nous, il y a juste ce qu\u2019il faut! Mais attention, on y prend go\u00fbt ! M\u00e9daill\u00e9e d\u2019argent au Concours G\u00e9n\u00e9ral Agricole de 2020<\/p>\n","protected":false},"featured_media":4821,"template":"","meta":[],"product_cat":[72,55,73],"product_tag":[],"class_list":{"0":"post-4443","1":"product","2":"type-product","3":"status-publish","4":"has-post-thumbnail","6":"product_cat-biere-bouteille","7":"product_cat-bieres","8":"product_cat-brasserie-de-lodon","10":"first","11":"instock","12":"shipping-taxable","13":"purchasable","14":"product-type-simple","15":"col-xs-6 col-sm-4","16":"col-md-3 col-lg-3","17":"un-4-cols"},"aioseo_notices":[],"_links":{"self":[{"href":"https:\/\/www.la-cave-de-villers.fr\/vente-en-ligne\/wp-json\/wp\/v2\/product\/4443","targetHints":{"allow":["GET"]}}],"collection":[{"href":"https:\/\/www.la-cave-de-villers.fr\/vente-en-ligne\/wp-json\/wp\/v2\/product"}],"about":[{"href":"https:\/\/www.la-cave-de-villers.fr\/vente-en-ligne\/wp-json\/wp\/v2\/types\/product"}],"version-history":[{"count":0,"href":"https:\/\/www.la-cave-de-villers.fr\/vente-en-ligne\/wp-json\/wp\/v2\/product\/4443\/revisions"}],"wp:featuredmedia":[{"embeddable":true,"href":"https:\/\/www.la-cave-de-villers.fr\/vente-en-ligne\/wp-json\/wp\/v2\/media\/4821"}],"wp:attachment":[{"href":"https:\/\/www.la-cave-de-villers.fr\/vente-en-ligne\/wp-json\/wp\/v2\/media?parent=4443"}],"wp:term":[{"taxonomy":"product_cat","embeddable":true,"href":"https:\/\/www.la-cave-de-villers.fr\/vente-en-ligne\/wp-json\/wp\/v2\/product_cat?post=4443"},{"taxonomy":"product_tag","embeddable":true,"href":"https:\/\/www.la-cave-de-villers.fr\/vente-en-ligne\/wp-json\/wp\/v2\/product_tag?post=4443"}],"curies":[{"name":"wp","href":"https:\/\/api.w.org\/{rel}","templated":true}]}}