{"id":4449,"date":"2021-04-09T16:18:29","date_gmt":"2021-04-09T14:18:29","guid":{"rendered":"https:\/\/www.la-cave-de-villers.fr\/vente-en-ligne\/?post_type=product&#038;p=4449"},"modified":"2025-08-21T16:59:26","modified_gmt":"2025-08-21T14:59:26","slug":"biere-petite-blonde-de-lodon-33-cl","status":"publish","type":"product","link":"https:\/\/www.la-cave-de-villers.fr\/vente-en-ligne\/produit\/biere-petite-blonde-de-lodon-33-cl\/","title":{"rendered":"Bi\u00e8re blonde l\u00e9g\u00e8re 4,5\u00b0 &#8211; Brasserie de l&#8217;Odon &#8211; 33 cl"},"content":{"rendered":"<p>C\u2019est la bi\u00e8re id\u00e9ale pour se d\u00e9salt\u00e9rer. L\u00e9g\u00e8re en alcool, avec une l\u00e9g\u00e8re amertume. Elle \u00e9tait initialement destin\u00e9e au service \u00e0 la pression, mais son succ\u00e8s l\u2019a fait sortir du f\u00fbt pour passer en bouteille de 33cl.<\/p>\n<p>Pour certain, le terme de bi\u00e8re de soif est p\u00e9joratif. Pour nous ce n\u2019est pas le cas. Nous apportons \u00e0 notre Petite Odon les m\u00eames soins qu\u2019\u00e0 toutes les bi\u00e8res qui sortent de la Brasserie. Et surtout, ce n\u2019est pas parce que l\u2019on souhaite juste se d\u00e9salt\u00e9rer qu\u2019il faut boire de la mauvaise bi\u00e8re !<\/p>\n","protected":false},"excerpt":{"rendered":"<p>C\u2019est la bi\u00e8re id\u00e9ale pour se d\u00e9salt\u00e9rer. L\u00e9g\u00e8re en alcool, avec une l\u00e9g\u00e8re amertume. Elle \u00e9tait initialement destin\u00e9e au service \u00e0 la pression, mais son succ\u00e8s l\u2019a fait sortir du f\u00fbt pour passer en bouteille de 33cl. Pour certain, le terme de bi\u00e8re de soif est p\u00e9joratif. Pour nous ce n\u2019est pas le cas. Nous&hellip;<\/p>\n","protected":false},"featured_media":4450,"template":"","meta":[],"product_cat":[72,55,73],"product_tag":[],"class_list":{"0":"post-4449","1":"product","2":"type-product","3":"status-publish","4":"has-post-thumbnail","6":"product_cat-biere-bouteille","7":"product_cat-bieres","8":"product_cat-brasserie-de-lodon","10":"first","11":"instock","12":"shipping-taxable","13":"purchasable","14":"product-type-simple","15":"col-xs-6 col-sm-4","16":"col-md-3 col-lg-3","17":"un-4-cols"},"aioseo_notices":[],"_links":{"self":[{"href":"https:\/\/www.la-cave-de-villers.fr\/vente-en-ligne\/wp-json\/wp\/v2\/product\/4449","targetHints":{"allow":["GET"]}}],"collection":[{"href":"https:\/\/www.la-cave-de-villers.fr\/vente-en-ligne\/wp-json\/wp\/v2\/product"}],"about":[{"href":"https:\/\/www.la-cave-de-villers.fr\/vente-en-ligne\/wp-json\/wp\/v2\/types\/product"}],"version-history":[{"count":0,"href":"https:\/\/www.la-cave-de-villers.fr\/vente-en-ligne\/wp-json\/wp\/v2\/product\/4449\/revisions"}],"wp:featuredmedia":[{"embeddable":true,"href":"https:\/\/www.la-cave-de-villers.fr\/vente-en-ligne\/wp-json\/wp\/v2\/media\/4450"}],"wp:attachment":[{"href":"https:\/\/www.la-cave-de-villers.fr\/vente-en-ligne\/wp-json\/wp\/v2\/media?parent=4449"}],"wp:term":[{"taxonomy":"product_cat","embeddable":true,"href":"https:\/\/www.la-cave-de-villers.fr\/vente-en-ligne\/wp-json\/wp\/v2\/product_cat?post=4449"},{"taxonomy":"product_tag","embeddable":true,"href":"https:\/\/www.la-cave-de-villers.fr\/vente-en-ligne\/wp-json\/wp\/v2\/product_tag?post=4449"}],"curies":[{"name":"wp","href":"https:\/\/api.w.org\/{rel}","templated":true}]}}