{"id":4776,"date":"2025-07-18T18:51:45","date_gmt":"2025-07-18T16:51:45","guid":{"rendered":"https:\/\/www.la-cave-de-villers.fr\/vente-en-ligne\/?post_type=product&#038;p=4776"},"modified":"2025-09-12T16:42:15","modified_gmt":"2025-09-12T14:42:15","slug":"biere-blonde-5-les-travailleurs-de-lamer","status":"publish","type":"product","link":"https:\/\/www.la-cave-de-villers.fr\/vente-en-ligne\/produit\/biere-blonde-5-les-travailleurs-de-lamer\/","title":{"rendered":"Bi\u00e8re Blonde 4,5\u00b0 &#8211; Les Travailleurs de l&#8217;Amer &#8211; 33CL"},"content":{"rendered":"<p>Brasserie normande situ\u00e9e dans la communes des Pieux, \u00e0 20 km de Cherbourg existant depuis 2013. Elle met en avant les diff\u00e9rents m\u00e9tiers li\u00e9s au monde marins et jouant avec les diff\u00e9rentes touches d&#8217;amertumes pr\u00e9sentent dans leurs bi\u00e8res. Tout en gardant un c\u00f4t\u00e9 l\u00e9ger en alcool et en bouche.\u00a0<\/p>\n","protected":false},"excerpt":{"rendered":"<p>Brasserie normande situ\u00e9e dans la communes des Pieux, \u00e0 20 km de Cherbourg existant depuis 2013. Elle met en avant les diff\u00e9rents m\u00e9tiers li\u00e9s au monde marins et jouant avec les diff\u00e9rentes touches d&#8217;amertumes pr\u00e9sentent dans leurs bi\u00e8res. Tout en gardant un c\u00f4t\u00e9 l\u00e9ger en alcool et en bouche.\u00a0<\/p>\n","protected":false},"featured_media":4780,"template":"","meta":[],"product_cat":[72,55,97],"product_tag":[],"class_list":{"0":"post-4776","1":"product","2":"type-product","3":"status-publish","4":"has-post-thumbnail","6":"product_cat-biere-bouteille","7":"product_cat-bieres","8":"product_cat-brasserie-travailleur-de-lamer","10":"first","11":"instock","12":"shipping-taxable","13":"purchasable","14":"product-type-simple","15":"col-xs-6 col-sm-4","16":"col-md-3 col-lg-3","17":"un-4-cols"},"aioseo_notices":[],"_links":{"self":[{"href":"https:\/\/www.la-cave-de-villers.fr\/vente-en-ligne\/wp-json\/wp\/v2\/product\/4776","targetHints":{"allow":["GET"]}}],"collection":[{"href":"https:\/\/www.la-cave-de-villers.fr\/vente-en-ligne\/wp-json\/wp\/v2\/product"}],"about":[{"href":"https:\/\/www.la-cave-de-villers.fr\/vente-en-ligne\/wp-json\/wp\/v2\/types\/product"}],"version-history":[{"count":0,"href":"https:\/\/www.la-cave-de-villers.fr\/vente-en-ligne\/wp-json\/wp\/v2\/product\/4776\/revisions"}],"wp:featuredmedia":[{"embeddable":true,"href":"https:\/\/www.la-cave-de-villers.fr\/vente-en-ligne\/wp-json\/wp\/v2\/media\/4780"}],"wp:attachment":[{"href":"https:\/\/www.la-cave-de-villers.fr\/vente-en-ligne\/wp-json\/wp\/v2\/media?parent=4776"}],"wp:term":[{"taxonomy":"product_cat","embeddable":true,"href":"https:\/\/www.la-cave-de-villers.fr\/vente-en-ligne\/wp-json\/wp\/v2\/product_cat?post=4776"},{"taxonomy":"product_tag","embeddable":true,"href":"https:\/\/www.la-cave-de-villers.fr\/vente-en-ligne\/wp-json\/wp\/v2\/product_tag?post=4776"}],"curies":[{"name":"wp","href":"https:\/\/api.w.org\/{rel}","templated":true}]}}